{"id":97,"date":"2021-04-26T17:42:00","date_gmt":"2021-04-26T15:42:00","guid":{"rendered":"http:\/\/accisor.org\/?page_id=97"},"modified":"2021-10-26T10:40:31","modified_gmt":"2021-10-26T08:40:31","slug":"nuestra-clientela","status":"publish","type":"page","link":"https:\/\/accisor.org\/eu\/nuestra-clientela\/","title":{"rendered":"Gure bezeroak"},"content":{"rendered":"<div data-elementor-type=\"wp-page\" data-elementor-id=\"97\" class=\"elementor elementor-97\" data-elementor-post-type=\"page\">\n\t\t\t\t\t\t<section class=\"elementor-section elementor-top-section elementor-element elementor-element-b9aa99e elementor-section-boxed elementor-section-height-default elementor-section-height-default\" data-id=\"b9aa99e\" data-element_type=\"section\" data-e-type=\"section\">\n\t\t\t\t\t\t<div class=\"elementor-container elementor-column-gap-default\">\n\t\t\t\t\t<div class=\"elementor-column elementor-col-100 elementor-top-column elementor-element elementor-element-7c29604\" data-id=\"7c29604\" data-element_type=\"column\" data-e-type=\"column\">\n\t\t\t<div class=\"elementor-widget-wrap elementor-element-populated\">\n\t\t\t\t\t\t<div class=\"elementor-element elementor-element-a2f02f6 elementor-widget elementor-widget-heading\" data-id=\"a2f02f6\" data-element_type=\"widget\" data-e-type=\"widget\" data-widget_type=\"heading.default\">\n\t\t\t\t<div class=\"elementor-widget-container\">\n\t\t\t\t\t<h2 class=\"elementor-heading-title elementor-size-default\">Administrazio publikoak <\/h2>\t\t\t\t<\/div>\n\t\t\t\t<\/div>\n\t\t\t\t<div class=\"elementor-element elementor-element-2bb22d4 elementor-widget elementor-widget-text-editor\" data-id=\"2bb22d4\" data-element_type=\"widget\" data-e-type=\"widget\" data-widget_type=\"text-editor.default\">\n\t\t\t\t<div class=\"elementor-widget-container\">\n\t\t\t\t\t\t\t\t\t<ul><li>Berriozarko Udala<\/li><li>Iru\u00f1eko Udala<\/li><li>Tuterako Udala<\/li><li>Nafarroako Gobernua<\/li><li>Nafarroako Parlamentua<\/li><\/ul>\t\t\t\t\t\t\t\t<\/div>\n\t\t\t\t<\/div>\n\t\t\t\t<div class=\"elementor-element elementor-element-96de6de elementor-widget elementor-widget-heading\" data-id=\"96de6de\" data-element_type=\"widget\" data-e-type=\"widget\" data-widget_type=\"heading.default\">\n\t\t\t\t<div class=\"elementor-widget-container\">\n\t\t\t\t\t<h2 class=\"elementor-heading-title elementor-size-default\">Entidades, asociaciones, empresas y otros <\/h2>\t\t\t\t<\/div>\n\t\t\t\t<\/div>\n\t\t\t\t<div class=\"elementor-element elementor-element-3b82efc elementor-widget elementor-widget-text-editor\" data-id=\"3b82efc\" data-element_type=\"widget\" data-e-type=\"widget\" data-widget_type=\"text-editor.default\">\n\t\t\t\t<div class=\"elementor-widget-container\">\n\t\t\t\t\t\t\t\t\t<ul><li>ACODIFNA<\/li><li>ADISCO<\/li><li>ALBOAN<\/li><li>ANADI<\/li><li>ANAPAR (Asociaci\u00f3n Navarra de Parkinson)<\/li><li>Asimetr\u00eda Teatro<\/li><li>ASPACE Navarra<\/li><li>Atikus Teatro<\/li><li>Auditorio de Bara\u00f1ain<\/li><li>Baluarte<\/li><li>CERMIN (Comit\u00e9 de entidades representantes de personas con discapacidad de Navarra)<\/li><li>COCEMFE Navarra<\/li><li>Colegio P\u00fablico Garc\u00eda Galdeano<\/li><li>COMFIN<\/li><li>Consejo Escolar de Navarra<\/li><li>Down Navarra<\/li><li>Equalitas Vitae<\/li><li>Federaci\u00f3n Gaz Kalo<\/li><li>FSC Inserta<\/li><li>Fundaci\u00f3n Caja Navarra<\/li><li>Fundaci\u00f3n Diario de Navarra<\/li><li>Fundaci\u00f3n Iddeas<\/li><li>Fundaci\u00f3n Randstad<\/li><li>Guiarte<\/li><li>Labrit Multimedia<\/li><li>Museo de Navarra<\/li><li>Museo Yacimiento Las Eretas<\/li><li>Mutua Navarra<\/li><li>Obra Social \u201cla Caixa\u201d<\/li><li>ONCE<\/li><li>Paseo de los oficios de Burgui<\/li><li>Piensa en Led<\/li><li>Plataforma de Entidades Sociales<\/li><li>Plena Inclusi\u00f3n Navarra<\/li><li>Red de Lucha contra la Pobreza<\/li><li>Red Navarra de Teatros<\/li><li>REDI<\/li><li>Teatro Gayarre<\/li><li>Universidad de Navarra<\/li><li>Universidad P\u00fablica de Navarra<\/li><\/ul>\t\t\t\t\t\t\t\t<\/div>\n\t\t\t\t<\/div>\n\t\t\t\t\t<\/div>\n\t\t<\/div>\n\t\t\t\t\t<\/div>\n\t\t<\/section>\n\t\t\t\t<\/div>","protected":false},"excerpt":{"rendered":"<p>Administraciones p\u00fablicas Ayuntamiento de Berriozar Ayuntamiento de Pamplona Ayuntamiento de Tudela Gobierno de Navarra Parlamento de Navarra Entidades, asociaciones, empresas y otros ACODIFNA ADISCO ALBOAN ANADI ANAPAR (Asociaci\u00f3n Navarra de Parkinson) Asimetr\u00eda Teatro ASPACE Navarra Atikus Teatro Auditorio de Bara\u00f1ain Baluarte CERMIN (Comit\u00e9 de entidades representantes de personas con discapacidad de Navarra) COCEMFE Navarra Colegio [&hellip;]<\/p>\n","protected":false},"author":1,"featured_media":658,"parent":0,"menu_order":0,"comment_status":"closed","ping_status":"closed","template":"","meta":{"footnotes":""},"class_list":["post-97","page","type-page","status-publish","has-post-thumbnail","hentry"],"yoast_head":"<!-- This site is optimized with the Yoast SEO plugin v27.4 - https:\/\/yoast.com\/product\/yoast-seo-wordpress\/ -->\n<title>Nuestra clientela - Accisor<\/title>\n<meta name=\"description\" content=\"\ud83d\udccd Descubre con quienes trabajamos en materia de accesibilidad en Navarra\" \/>\n<meta name=\"robots\" content=\"index, follow, max-snippet:-1, max-image-preview:large, max-video-preview:-1\" \/>\n<link rel=\"canonical\" href=\"https:\/\/accisor.org\/eu\/nuestra-clientela\/\" \/>\n<meta property=\"og:locale\" content=\"en_US\" \/>\n<meta property=\"og:type\" content=\"article\" \/>\n<meta property=\"og:title\" content=\"Nuestra clientela - Accisor\" \/>\n<meta property=\"og:description\" content=\"\ud83d\udccd Descubre con quienes trabajamos en materia de accesibilidad en Navarra\" \/>\n<meta property=\"og:url\" content=\"https:\/\/accisor.org\/eu\/nuestra-clientela\/\" \/>\n<meta property=\"og:site_name\" content=\"Accisor\" \/>\n<meta property=\"article:modified_time\" content=\"2021-10-26T08:40:31+00:00\" \/>\n<meta property=\"og:image\" content=\"https:\/\/accisor.org\/wp-content\/uploads\/2021\/09\/Nuestra-clientela-AZUL.jpg\" \/>\n\t<meta property=\"og:image:width\" content=\"340\" \/>\n\t<meta property=\"og:image:height\" content=\"225\" \/>\n\t<meta property=\"og:image:type\" content=\"image\/jpeg\" \/>\n<meta name=\"twitter:card\" content=\"summary_large_image\" \/>\n<meta name=\"twitter:label1\" content=\"Est. reading time\" \/>\n\t<meta name=\"twitter:data1\" content=\"1 minutua\" \/>\n<script type=\"application\/ld+json\" class=\"yoast-schema-graph\">{\"@context\":\"https:\\\/\\\/schema.org\",\"@graph\":[{\"@type\":\"WebPage\",\"@id\":\"https:\\\/\\\/accisor.org\\\/nuestra-clientela\\\/\",\"url\":\"https:\\\/\\\/accisor.org\\\/nuestra-clientela\\\/\",\"name\":\"Nuestra clientela - Accisor\",\"isPartOf\":{\"@id\":\"https:\\\/\\\/accisor.org\\\/eu\\\/#website\"},\"primaryImageOfPage\":{\"@id\":\"https:\\\/\\\/accisor.org\\\/nuestra-clientela\\\/#primaryimage\"},\"image\":{\"@id\":\"https:\\\/\\\/accisor.org\\\/nuestra-clientela\\\/#primaryimage\"},\"thumbnailUrl\":\"https:\\\/\\\/accisor.org\\\/wp-content\\\/uploads\\\/2021\\\/09\\\/Nuestra-clientela-AZUL.jpg\",\"datePublished\":\"2021-04-26T15:42:00+00:00\",\"dateModified\":\"2021-10-26T08:40:31+00:00\",\"description\":\"\ud83d\udccd Descubre con quienes trabajamos en materia de accesibilidad en Navarra\",\"breadcrumb\":{\"@id\":\"https:\\\/\\\/accisor.org\\\/nuestra-clientela\\\/#breadcrumb\"},\"inLanguage\":\"eu\",\"potentialAction\":[{\"@type\":\"ReadAction\",\"target\":[\"https:\\\/\\\/accisor.org\\\/nuestra-clientela\\\/\"]}]},{\"@type\":\"ImageObject\",\"inLanguage\":\"eu\",\"@id\":\"https:\\\/\\\/accisor.org\\\/nuestra-clientela\\\/#primaryimage\",\"url\":\"https:\\\/\\\/accisor.org\\\/wp-content\\\/uploads\\\/2021\\\/09\\\/Nuestra-clientela-AZUL.jpg\",\"contentUrl\":\"https:\\\/\\\/accisor.org\\\/wp-content\\\/uploads\\\/2021\\\/09\\\/Nuestra-clientela-AZUL.jpg\",\"width\":340,\"height\":225,\"caption\":\"Nuestra clientela AZUL\"},{\"@type\":\"BreadcrumbList\",\"@id\":\"https:\\\/\\\/accisor.org\\\/nuestra-clientela\\\/#breadcrumb\",\"itemListElement\":[{\"@type\":\"ListItem\",\"position\":1,\"name\":\"Inicio\",\"item\":\"https:\\\/\\\/accisor.org\\\/\"},{\"@type\":\"ListItem\",\"position\":2,\"name\":\"Nuestra clientela\"}]},{\"@type\":\"WebSite\",\"@id\":\"https:\\\/\\\/accisor.org\\\/eu\\\/#website\",\"url\":\"https:\\\/\\\/accisor.org\\\/eu\\\/\",\"name\":\"Accisor\",\"description\":\"Servicio de accesibilidad a la comunicaci\u00f3n y la informaci\u00f3n para personas sordas\",\"publisher\":{\"@id\":\"https:\\\/\\\/accisor.org\\\/eu\\\/#organization\"},\"potentialAction\":[{\"@type\":\"SearchAction\",\"target\":{\"@type\":\"EntryPoint\",\"urlTemplate\":\"https:\\\/\\\/accisor.org\\\/eu\\\/?s={search_term_string}\"},\"query-input\":{\"@type\":\"PropertyValueSpecification\",\"valueRequired\":true,\"valueName\":\"search_term_string\"}}],\"inLanguage\":\"eu\"},{\"@type\":\"Organization\",\"@id\":\"https:\\\/\\\/accisor.org\\\/eu\\\/#organization\",\"name\":\"Accisor\",\"url\":\"https:\\\/\\\/accisor.org\\\/eu\\\/\",\"logo\":{\"@type\":\"ImageObject\",\"inLanguage\":\"eu\",\"@id\":\"https:\\\/\\\/accisor.org\\\/eu\\\/#\\\/schema\\\/logo\\\/image\\\/\",\"url\":\"https:\\\/\\\/accisor.org\\\/wp-content\\\/uploads\\\/2021\\\/06\\\/favicon-accisor.png\",\"contentUrl\":\"https:\\\/\\\/accisor.org\\\/wp-content\\\/uploads\\\/2021\\\/06\\\/favicon-accisor.png\",\"width\":500,\"height\":500,\"caption\":\"Accisor\"},\"image\":{\"@id\":\"https:\\\/\\\/accisor.org\\\/eu\\\/#\\\/schema\\\/logo\\\/image\\\/\"}}]}<\/script>\n<!-- \/ Yoast SEO plugin. -->","yoast_head_json":{"title":"Nuestra clientela - Accisor","description":"\ud83d\udccd Descubre con quienes trabajamos en materia de accesibilidad en Navarra","robots":{"index":"index","follow":"follow","max-snippet":"max-snippet:-1","max-image-preview":"max-image-preview:large","max-video-preview":"max-video-preview:-1"},"canonical":"https:\/\/accisor.org\/eu\/nuestra-clientela\/","og_locale":"en_US","og_type":"article","og_title":"Nuestra clientela - Accisor","og_description":"\ud83d\udccd Descubre con quienes trabajamos en materia de accesibilidad en Navarra","og_url":"https:\/\/accisor.org\/eu\/nuestra-clientela\/","og_site_name":"Accisor","article_modified_time":"2021-10-26T08:40:31+00:00","og_image":[{"width":340,"height":225,"url":"https:\/\/accisor.org\/wp-content\/uploads\/2021\/09\/Nuestra-clientela-AZUL.jpg","type":"image\/jpeg"}],"twitter_card":"summary_large_image","twitter_misc":{"Est. reading time":"1 minutua"},"schema":{"@context":"https:\/\/schema.org","@graph":[{"@type":"WebPage","@id":"https:\/\/accisor.org\/nuestra-clientela\/","url":"https:\/\/accisor.org\/nuestra-clientela\/","name":"Nuestra clientela - Accisor","isPartOf":{"@id":"https:\/\/accisor.org\/eu\/#website"},"primaryImageOfPage":{"@id":"https:\/\/accisor.org\/nuestra-clientela\/#primaryimage"},"image":{"@id":"https:\/\/accisor.org\/nuestra-clientela\/#primaryimage"},"thumbnailUrl":"https:\/\/accisor.org\/wp-content\/uploads\/2021\/09\/Nuestra-clientela-AZUL.jpg","datePublished":"2021-04-26T15:42:00+00:00","dateModified":"2021-10-26T08:40:31+00:00","description":"\ud83d\udccd Descubre con quienes trabajamos en materia de accesibilidad en Navarra","breadcrumb":{"@id":"https:\/\/accisor.org\/nuestra-clientela\/#breadcrumb"},"inLanguage":"eu","potentialAction":[{"@type":"ReadAction","target":["https:\/\/accisor.org\/nuestra-clientela\/"]}]},{"@type":"ImageObject","inLanguage":"eu","@id":"https:\/\/accisor.org\/nuestra-clientela\/#primaryimage","url":"https:\/\/accisor.org\/wp-content\/uploads\/2021\/09\/Nuestra-clientela-AZUL.jpg","contentUrl":"https:\/\/accisor.org\/wp-content\/uploads\/2021\/09\/Nuestra-clientela-AZUL.jpg","width":340,"height":225,"caption":"Nuestra clientela AZUL"},{"@type":"BreadcrumbList","@id":"https:\/\/accisor.org\/nuestra-clientela\/#breadcrumb","itemListElement":[{"@type":"ListItem","position":1,"name":"Inicio","item":"https:\/\/accisor.org\/"},{"@type":"ListItem","position":2,"name":"Nuestra clientela"}]},{"@type":"WebSite","@id":"https:\/\/accisor.org\/eu\/#website","url":"https:\/\/accisor.org\/eu\/","name":"Accisor","description":"Pertsona gorrei zuzendutako irisgarritasun zerbitzua, komunikazio eta informazio eskuragarria eskainiz","publisher":{"@id":"https:\/\/accisor.org\/eu\/#organization"},"potentialAction":[{"@type":"SearchAction","target":{"@type":"EntryPoint","urlTemplate":"https:\/\/accisor.org\/eu\/?s={search_term_string}"},"query-input":{"@type":"PropertyValueSpecification","valueRequired":true,"valueName":"search_term_string"}}],"inLanguage":"eu"},{"@type":"Organization","@id":"https:\/\/accisor.org\/eu\/#organization","name":"Accisor","url":"https:\/\/accisor.org\/eu\/","logo":{"@type":"ImageObject","inLanguage":"eu","@id":"https:\/\/accisor.org\/eu\/#\/schema\/logo\/image\/","url":"https:\/\/accisor.org\/wp-content\/uploads\/2021\/06\/favicon-accisor.png","contentUrl":"https:\/\/accisor.org\/wp-content\/uploads\/2021\/06\/favicon-accisor.png","width":500,"height":500,"caption":"Accisor"},"image":{"@id":"https:\/\/accisor.org\/eu\/#\/schema\/logo\/image\/"}}]}},"_links":{"self":[{"href":"https:\/\/accisor.org\/eu\/wp-json\/wp\/v2\/pages\/97","targetHints":{"allow":["GET"]}}],"collection":[{"href":"https:\/\/accisor.org\/eu\/wp-json\/wp\/v2\/pages"}],"about":[{"href":"https:\/\/accisor.org\/eu\/wp-json\/wp\/v2\/types\/page"}],"author":[{"embeddable":true,"href":"https:\/\/accisor.org\/eu\/wp-json\/wp\/v2\/users\/1"}],"replies":[{"embeddable":true,"href":"https:\/\/accisor.org\/eu\/wp-json\/wp\/v2\/comments?post=97"}],"version-history":[{"count":6,"href":"https:\/\/accisor.org\/eu\/wp-json\/wp\/v2\/pages\/97\/revisions"}],"predecessor-version":[{"id":1253,"href":"https:\/\/accisor.org\/eu\/wp-json\/wp\/v2\/pages\/97\/revisions\/1253"}],"wp:featuredmedia":[{"embeddable":true,"href":"https:\/\/accisor.org\/eu\/wp-json\/wp\/v2\/media\/658"}],"wp:attachment":[{"href":"https:\/\/accisor.org\/eu\/wp-json\/wp\/v2\/media?parent=97"}],"curies":[{"name":"wp","href":"https:\/\/api.w.org\/{rel}","templated":true}]}}