{"id":3,"date":"2021-03-04T15:57:13","date_gmt":"2021-03-04T15:57:13","guid":{"rendered":"http:\/\/accisor.org\/?page_id=3"},"modified":"2021-10-26T10:34:23","modified_gmt":"2021-10-26T08:34:23","slug":"politica-privacidad","status":"publish","type":"page","link":"https:\/\/accisor.org\/eu\/politica-privacidad\/","title":{"rendered":"Pribatutasun politika"},"content":{"rendered":"<div data-elementor-type=\"wp-page\" data-elementor-id=\"3\" class=\"elementor elementor-3\" data-elementor-post-type=\"page\">\n\t\t\t\t\t\t<section class=\"elementor-section elementor-top-section elementor-element elementor-element-7934f5e4 elementor-section-boxed elementor-section-height-default elementor-section-height-default\" data-id=\"7934f5e4\" data-element_type=\"section\" data-e-type=\"section\">\n\t\t\t\t\t\t<div class=\"elementor-container elementor-column-gap-default\">\n\t\t\t\t\t<div class=\"elementor-column elementor-col-100 elementor-top-column elementor-element elementor-element-b206304\" data-id=\"b206304\" data-element_type=\"column\" data-e-type=\"column\">\n\t\t\t<div class=\"elementor-widget-wrap elementor-element-populated\">\n\t\t\t\t\t\t<div class=\"elementor-element elementor-element-4e959183 elementor-widget elementor-widget-text-editor\" data-id=\"4e959183\" data-element_type=\"widget\" data-e-type=\"widget\" data-widget_type=\"text-editor.default\">\n\t\t\t\t<div class=\"elementor-widget-container\">\n\t\t\t\t\t\t\t\t\t<p><strong>Asociaci\u00f3n Eunate<\/strong> manifiesta su respeto y cumplimiento de las disposiciones recogidas en el nuevo REGLAMENTO (UE) 2016\/679 DEL PARLAMENTO EUROPEO Y DEL CONSEJO de 27 de abril de 2016, de Protecci\u00f3n de Datos de Car\u00e1cter Personal y normativa concordante. Por ello, le informa de su pol\u00edtica de protecci\u00f3n de datos para que el cliente determine voluntariamente si desea facilitar sus datos personales a <strong>Asociaci\u00f3n Eunate<\/strong>.<\/p>\n<p>Esta Pol\u00edtica de Privacidad establece el uso, mantenimiento y cesi\u00f3n que hace <strong>Asociaci\u00f3n Eunate<\/strong> de los datos personales de los clientes de la p\u00e1gina web <strong>Accisor.org<\/strong>.<\/p>\n<p><strong>Privacidad<\/strong><\/p>\n<p><strong>Asociaci\u00f3n Eunate<\/strong> se compromete a desarrollar relaciones de larga duraci\u00f3n basadas en la confianza. Por ello, <strong>Asociaci\u00f3n Eunate<\/strong> har\u00e1 todo lo posible para asegurar que su derecho de privacidad se mantenga y se proteja. Esta p\u00e1gina web se dirige a mayores de 18 a\u00f1os de edad.<\/p>\n<p><strong>Datos que recoge Asociaci\u00f3n Eunate<\/strong><\/p>\n<p><strong>Asociaci\u00f3n Eunate<\/strong> puede solicitar o recabar informaci\u00f3n personal de clientes online de varias maneras, incluyendo formularios online para solicitar productos o servicios y otras solicitudes en las que se invita a los clientes a facilitar dicha informaci\u00f3n.<\/p>\n<p><strong>Asociaci\u00f3n Eunate<\/strong> informa a los clientes que los datos personales que se facilitan en el formulario de inscripci\u00f3n, as\u00ed como cualquier otra informaci\u00f3n que el cliente pueda facilitar en el futuro dentro del marco de su relaci\u00f3n con <strong>Asociaci\u00f3n Eunate<\/strong> podr\u00e1 ser incluida en los ficheros de esta entidad.<\/p>\n<p><strong>Asociaci\u00f3n Eunate<\/strong> tambi\u00e9n podr\u00e1 recabar informaci\u00f3n sobre c\u00f3mo acceden los clientes a su p\u00e1gina web mediante el uso de un identificador \u00fanico para cada cliente a trav\u00e9s del uso de cookies.<\/p>\n<p><strong>Ficheros log<\/strong><\/p>\n<p>Como la mayor\u00eda de p\u00e1ginas web, <strong>Accisor.org<\/strong> utiliza ficheros log. Esta informaci\u00f3n puede incluir direcciones de IP, tipo de navegador, proveedor de acceso a internet (ISP), p\u00e1ginas de salida\/entrada, tipo de plataforma, sello de hora y fecha o n\u00famero de clics para analizar tendencias, administrar la p\u00e1gina web, seguir los movimientos del cliente de forma agregada y recabar informaci\u00f3n demogr\u00e1fica en sentido amplio para uso conjunto. En todo caso, ninguna informaci\u00f3n que se almacene en ficheros log, incluida pero no limitada a las direcciones de IP, est\u00e1 relacionada con informaci\u00f3n personal que identifiquen a una persona.<\/p>\n<p><strong>Datos voluntarios y obligatorios<\/strong><\/p>\n<p>Salvo en los campos en que expresamente se determine lo contrario, las respuestas a las preguntas sobre datos personales son voluntarias, sin que la falta de contestaci\u00f3n a dichas preguntas implique una merma en la calidad de los servicios que el cliente solicita. La falta de cumplimentaci\u00f3n de los campos determinados como obligatorios o el suministro de datos incorrectos imposibilitar\u00e1 que <strong>Asociaci\u00f3n Eunate<\/strong> pueda darle de alta como cliente o prestarle los servicios solicitados.<\/p>\n<p><strong>Finalidades de uso de los datos<\/strong><\/p>\n<p>Estos ficheros tienen las siguientes finalidades:<\/p>\n<ul>\n<li>Gestionar, administrar y prestarle los servicios que solicite de <strong>Asociaci\u00f3n Eunate<\/strong>;<\/li>\n<li>Facilitar el cumplimiento y ejecuci\u00f3n de la relaci\u00f3n contractual;<\/li>\n<li>Realizar, en su caso, la gesti\u00f3n de cobros y pagos por los servicios, incluso cuando la relaci\u00f3n haya terminado;<\/li>\n<li>Conocer mejor sus gustos y adecuar los servicios a sus preferencias y necesidades;<\/li>\n<li>Poder ofrecerle nuevos productos, servicios, ofertas especiales o actualizaciones;<\/li>\n<li>Enviarle publicidad propia o de terceros a aquellos clientes que lo consientan;<\/li>\n<li>Realizar estudios sobre la efectividad de la p\u00e1gina web, marketing, publicidad y ventas.<\/li>\n<\/ul>\n<p><strong>Destinatarios de los datos<\/strong><\/p>\n<p>Los destinatarios de la informaci\u00f3n recogida ser\u00e1n exclusivamente los propios empleados de <strong>Asociaci\u00f3n Eunate<\/strong> o los prestadores de servicios a esta entidad (incluidas, en su caso, sus propias filiales o sociedades afiliadas).<\/p>\n<p>En este \u00faltimo supuesto, los prestadores de servicios estar\u00e1n vinculados por un contrato de prestaci\u00f3n de servicios en el que expresamente se recoger\u00e1n obligaciones equivalentes de privacidad y protecci\u00f3n de datos a las exigidas para los propios empleados de <strong>Asociaci\u00f3n Eunate<\/strong> y tendr\u00e1n expresamente prohibida la cesi\u00f3n de dichos datos a cualquier otra persona o tercero, excepto que se prevea lo contrario en esta pol\u00edtica de privacidad.<\/p>\n<p>Una vez finalizada la relaci\u00f3n contractual con el prestador de servicios, se devolver\u00e1n o destruir\u00e1n los datos de los clientes a los que hubiesen tenido que acceder con ocasi\u00f3n de la prestaci\u00f3n de servicios.<\/p>\n<p><strong>Cesi\u00f3n de informaci\u00f3n<\/strong><\/p>\n<p><strong>Asociaci\u00f3n Eunate<\/strong> no compartir\u00e1 datos personales de clientes con ning\u00fan tercero, salvo que el cliente autorice expresamente dichas cesiones.<\/p>\n<p><strong>Asociaci\u00f3n Eunate<\/strong> podr\u00e1 ceder a inversores o socios potenciales datos agregados y an\u00f3nimos basados en informaci\u00f3n recogida de los clientes. En dichos casos, s\u00f3lo se facilitar\u00e1 informaci\u00f3n estad\u00edstica y la informaci\u00f3n que permita identificar a una personal se mantendr\u00e1 absolutamente confidencial. En caso de que <strong>Asociaci\u00f3n Eunate<\/strong> sea vendido, la informaci\u00f3n recogida de los clientes podr\u00e1 suministrarse a los nuevos propietarios.<\/p>\n<p><strong>Ofertas especiales y actualizaciones<\/strong><\/p>\n<p>Los clientes de <strong>Asociaci\u00f3n Eunate<\/strong> podr\u00e1n recibir ocasionalmente informaci\u00f3n sobre productos, servicios, ofertas especiales y eventualmente una newsletter. Como muestra de respeto por la privacidad de sus clientes, <strong>Asociaci\u00f3n Eunate<\/strong> ofrece la posibilidad de no recibir este tipo de comunicaciones indic\u00e1ndolo en el espacio de configuraci\u00f3n de newsletter del panel de control o mediante el env\u00edo de un e-mail a <a href=\"mailto:gestionaccisor@eunate.org\">gestionaccisor@eunate.org<\/a>.<\/p>\n<p><strong>Anuncios sobre los servicios<\/strong><\/p>\n<p>En infrecuentes ocasiones, podr\u00e1 ser necesario enviar un anuncio estrictamente relacionado con los servicios si, por ejemplo, un servicio se suspende temporalmente debido a razones de mantenimiento. Generalmente los clientes no podr\u00e1n oponerse a recibir dichas comunicaciones, pero podr\u00e1n desactivar su cuenta. En todo caso, estas comunicaciones no tienen naturaleza comercial.<\/p>\n<p><strong>Aviso legal<\/strong><\/p>\n<p>Le informamos que <strong>Asociaci\u00f3n Eunate<\/strong> podr\u00e1 facilitar informaci\u00f3n personal a las autoridades competentes cuando sea requerido conforme a la legislaci\u00f3n vigente.<\/p>\n<p>La p\u00e1gina web de <strong>Accisor.org<\/strong> realiza enlaces a otras p\u00e1ginas. Por favor tenga en cuenta que <strong>Asociaci\u00f3n Eunate<\/strong> no es responsable de los usos de privacidad que dichas p\u00e1ginas; por ello, le animamos a que lea las declaraciones de privacidad de todas y cada una de las p\u00e1ginas web que recaban datos de car\u00e1cter personal. La presente Pol\u00edtica de Privacidad s\u00f3lo es de aplicaci\u00f3n a la informaci\u00f3n recogida por <strong>Asociaci\u00f3n Eunate<\/strong>.<\/p>\n<p><strong>Mantenimiento de los datos<\/strong><\/p>\n<p>Una vez concluida la relaci\u00f3n contractual con el cliente, <strong>Asociaci\u00f3n Eunate<\/strong> se reserva el derecho de conservar los datos del cliente que se d\u00e9 de baja durante el tiempo necesario para cumplir con sus obligaciones legales. Durante ese tiempo los datos personales permanecer\u00e1n bloqueados y no ser\u00e1n utilizados para ninguna otra finalidad que no sea la antedicha o para la facturaci\u00f3n o cobro de facturas pendientes. Una vez concluidos los plazos legales para su mantenimiento los datos ser\u00e1n eliminados.<\/p>\n<p><strong>Asociaci\u00f3n Eunate<\/strong> mantiene los niveles de protecci\u00f3n de sus datos personales conforme a la normativa vigente en materia de medidas de seguridad, y ha implantado todos los medios t\u00e9cnicos a su alcance para evitar la p\u00e9rdida, mal uso, alteraci\u00f3n, acceso no autorizado y robo de los datos que el cliente facilite a<strong> Asociaci\u00f3n Eunate<\/strong>.<\/p>\n<p><strong>Responsabilidad del cliente<\/strong><\/p>\n<p>El cliente es responsable de la seguridad de su N\u00famero de Identificaci\u00f3n de Cliente y de sus contrase\u00f1as. Compruebe que las guarda en un sitio seguro y que no las comparte con nadie.<\/p>\n<p>Recuerde siempre desconectarse al terminar una sesi\u00f3n para asegurarse de que otras personas no pueden acceder a sus datos de car\u00e1cter personal. Tome esta precauci\u00f3n incluso si no est\u00e1 utilizando un ordenador p\u00fablico como en una biblioteca o en un cibercaf\u00e9, sino tambi\u00e9n cuando use su ordenador privado en casa.<\/p>\n<p><strong>Derechos de los clientes<\/strong><\/p>\n<p>El cliente tendr\u00e1 la posibilidad de ejercer sus derechos de supresi\u00f3n, oposici\u00f3n, portabilidad, limitaci\u00f3n, acceso, rectificaci\u00f3n, solicit\u00e1ndolo por cualquier medio que deje constancia de su env\u00edo y de su recepci\u00f3n y remitiendo copia de su DNI o documento equivalente. Para ejercer sus derechos, podr\u00e1 dirigirse por escrito a la siguiente direcci\u00f3n postal de<strong> Asociaci\u00f3n Eunate<\/strong> o a la direcci\u00f3n de correo electr\u00f3nico <a href=\"mailto:gestionaccisor@eunate.org\">gestionaccisor@eunate.org<\/a>. Igualmente, en cualquier momento el Cliente podr\u00e1 revocar, sin efectos retroactivos, su consentimiento para el tratamiento de sus datos.<\/p>\n<p><strong>Direcci\u00f3n postal de Asociaci\u00f3n Eunate:<\/strong><\/p>\n<p>Traves\u00eda Monasterio de Irache, 2 &#8211; 1\u00ba B<\/p>\n<p>31011 Pamplona \/ Iru\u00f1a<\/p>\n<p><strong>Preguntas<\/strong><\/p>\n<p>Cualquier pregunta relativa a la presente Pol\u00edtica de Privacidad podr\u00e1 dirigirse a la siguiente direcci\u00f3n de email <a href=\"mailto:gestionaccisor@eunate.org\">gestionaccisor@eunate.org<\/a>.<\/p>\n<p><strong>Consentimiento<\/strong><\/p>\n<p>Para integrar sus datos personales en ficheros de <strong>Asociaci\u00f3n Eunate<\/strong> y utilizarlos para las finalidades previstas en la presente Pol\u00edtica se necesita el consentimiento del cliente.<\/p>\n<p>El cliente prestar\u00e1 su consentimiento a la presente Pol\u00edtica de Privacidad durante el procedimiento de cumplimentaci\u00f3n del formulario de registro. Antes de dicha aceptaci\u00f3n, ning\u00fan dato de car\u00e1cter personal relativo a su persona ser\u00e1 incorporado a ficheros de <strong>Asociaci\u00f3n Eunate<\/strong>, salvo los de navegaci\u00f3n y funcionamiento que son an\u00f3nimos.<\/p>\t\t\t\t\t\t\t\t<\/div>\n\t\t\t\t<\/div>\n\t\t\t\t\t<\/div>\n\t\t<\/div>\n\t\t\t\t\t<\/div>\n\t\t<\/section>\n\t\t\t\t<\/div>","protected":false},"excerpt":{"rendered":"<p>Asociaci\u00f3n Eunate manifiesta su respeto y cumplimiento de las disposiciones recogidas en el nuevo REGLAMENTO (UE) 2016\/679 DEL PARLAMENTO EUROPEO Y DEL CONSEJO de 27 de abril de 2016, de Protecci\u00f3n de Datos de Car\u00e1cter Personal y normativa concordante. Por ello, le informa de su pol\u00edtica de protecci\u00f3n de datos para que el cliente determine [&hellip;]<\/p>\n","protected":false},"author":1,"featured_media":0,"parent":0,"menu_order":0,"comment_status":"closed","ping_status":"open","template":"","meta":{"footnotes":""},"class_list":["post-3","page","type-page","status-publish","hentry"],"yoast_head":"<!-- This site is optimized with the Yoast SEO plugin v27.4 - https:\/\/yoast.com\/product\/yoast-seo-wordpress\/ -->\n<title>Pol\u00edtica de privacidad - Accisor<\/title>\n<meta name=\"robots\" content=\"noindex, nofollow\" \/>\n<meta property=\"og:locale\" content=\"en_US\" \/>\n<meta property=\"og:type\" content=\"article\" \/>\n<meta property=\"og:title\" content=\"Pol\u00edtica de privacidad - Accisor\" \/>\n<meta property=\"og:description\" content=\"Asociaci\u00f3n Eunate manifiesta su respeto y cumplimiento de las disposiciones recogidas en el nuevo REGLAMENTO (UE) 2016\/679 DEL PARLAMENTO EUROPEO Y DEL CONSEJO de 27 de abril de 2016, de Protecci\u00f3n de Datos de Car\u00e1cter Personal y normativa concordante. Por ello, le informa de su pol\u00edtica de protecci\u00f3n de datos para que el cliente determine [&hellip;]\" \/>\n<meta property=\"og:url\" content=\"https:\/\/accisor.org\/eu\/politica-privacidad\/\" \/>\n<meta property=\"og:site_name\" content=\"Accisor\" \/>\n<meta property=\"article:modified_time\" content=\"2021-10-26T08:34:23+00:00\" \/>\n<meta name=\"twitter:card\" content=\"summary_large_image\" \/>\n<meta name=\"twitter:label1\" content=\"Est. reading time\" \/>\n\t<meta name=\"twitter:data1\" content=\"7 minutua\" \/>\n<script type=\"application\/ld+json\" class=\"yoast-schema-graph\">{\"@context\":\"https:\\\/\\\/schema.org\",\"@graph\":[{\"@type\":\"WebPage\",\"@id\":\"https:\\\/\\\/accisor.org\\\/politica-privacidad\\\/\",\"url\":\"https:\\\/\\\/accisor.org\\\/politica-privacidad\\\/\",\"name\":\"Pol\u00edtica de privacidad - Accisor\",\"isPartOf\":{\"@id\":\"https:\\\/\\\/accisor.org\\\/eu\\\/#website\"},\"datePublished\":\"2021-03-04T15:57:13+00:00\",\"dateModified\":\"2021-10-26T08:34:23+00:00\",\"breadcrumb\":{\"@id\":\"https:\\\/\\\/accisor.org\\\/politica-privacidad\\\/#breadcrumb\"},\"inLanguage\":\"eu\",\"potentialAction\":[{\"@type\":\"ReadAction\",\"target\":[\"https:\\\/\\\/accisor.org\\\/politica-privacidad\\\/\"]}]},{\"@type\":\"BreadcrumbList\",\"@id\":\"https:\\\/\\\/accisor.org\\\/politica-privacidad\\\/#breadcrumb\",\"itemListElement\":[{\"@type\":\"ListItem\",\"position\":1,\"name\":\"Inicio\",\"item\":\"https:\\\/\\\/accisor.org\\\/\"},{\"@type\":\"ListItem\",\"position\":2,\"name\":\"Pol\u00edtica de privacidad\"}]},{\"@type\":\"WebSite\",\"@id\":\"https:\\\/\\\/accisor.org\\\/eu\\\/#website\",\"url\":\"https:\\\/\\\/accisor.org\\\/eu\\\/\",\"name\":\"Accisor\",\"description\":\"Servicio de accesibilidad a la comunicaci\u00f3n y la informaci\u00f3n para personas sordas\",\"publisher\":{\"@id\":\"https:\\\/\\\/accisor.org\\\/eu\\\/#organization\"},\"potentialAction\":[{\"@type\":\"SearchAction\",\"target\":{\"@type\":\"EntryPoint\",\"urlTemplate\":\"https:\\\/\\\/accisor.org\\\/eu\\\/?s={search_term_string}\"},\"query-input\":{\"@type\":\"PropertyValueSpecification\",\"valueRequired\":true,\"valueName\":\"search_term_string\"}}],\"inLanguage\":\"eu\"},{\"@type\":\"Organization\",\"@id\":\"https:\\\/\\\/accisor.org\\\/eu\\\/#organization\",\"name\":\"Accisor\",\"url\":\"https:\\\/\\\/accisor.org\\\/eu\\\/\",\"logo\":{\"@type\":\"ImageObject\",\"inLanguage\":\"eu\",\"@id\":\"https:\\\/\\\/accisor.org\\\/eu\\\/#\\\/schema\\\/logo\\\/image\\\/\",\"url\":\"https:\\\/\\\/accisor.org\\\/wp-content\\\/uploads\\\/2021\\\/06\\\/favicon-accisor.png\",\"contentUrl\":\"https:\\\/\\\/accisor.org\\\/wp-content\\\/uploads\\\/2021\\\/06\\\/favicon-accisor.png\",\"width\":500,\"height\":500,\"caption\":\"Accisor\"},\"image\":{\"@id\":\"https:\\\/\\\/accisor.org\\\/eu\\\/#\\\/schema\\\/logo\\\/image\\\/\"}}]}<\/script>\n<!-- \/ Yoast SEO plugin. -->","yoast_head_json":{"title":"Pol\u00edtica de privacidad - Accisor","robots":{"index":"noindex","follow":"nofollow"},"og_locale":"en_US","og_type":"article","og_title":"Pol\u00edtica de privacidad - Accisor","og_description":"Asociaci\u00f3n Eunate manifiesta su respeto y cumplimiento de las disposiciones recogidas en el nuevo REGLAMENTO (UE) 2016\/679 DEL PARLAMENTO EUROPEO Y DEL CONSEJO de 27 de abril de 2016, de Protecci\u00f3n de Datos de Car\u00e1cter Personal y normativa concordante. Por ello, le informa de su pol\u00edtica de protecci\u00f3n de datos para que el cliente determine [&hellip;]","og_url":"https:\/\/accisor.org\/eu\/politica-privacidad\/","og_site_name":"Accisor","article_modified_time":"2021-10-26T08:34:23+00:00","twitter_card":"summary_large_image","twitter_misc":{"Est. reading time":"7 minutua"},"schema":{"@context":"https:\/\/schema.org","@graph":[{"@type":"WebPage","@id":"https:\/\/accisor.org\/politica-privacidad\/","url":"https:\/\/accisor.org\/politica-privacidad\/","name":"Pol\u00edtica de privacidad - Accisor","isPartOf":{"@id":"https:\/\/accisor.org\/eu\/#website"},"datePublished":"2021-03-04T15:57:13+00:00","dateModified":"2021-10-26T08:34:23+00:00","breadcrumb":{"@id":"https:\/\/accisor.org\/politica-privacidad\/#breadcrumb"},"inLanguage":"eu","potentialAction":[{"@type":"ReadAction","target":["https:\/\/accisor.org\/politica-privacidad\/"]}]},{"@type":"BreadcrumbList","@id":"https:\/\/accisor.org\/politica-privacidad\/#breadcrumb","itemListElement":[{"@type":"ListItem","position":1,"name":"Inicio","item":"https:\/\/accisor.org\/"},{"@type":"ListItem","position":2,"name":"Pol\u00edtica de privacidad"}]},{"@type":"WebSite","@id":"https:\/\/accisor.org\/eu\/#website","url":"https:\/\/accisor.org\/eu\/","name":"Accisor","description":"Pertsona gorrei zuzendutako irisgarritasun zerbitzua, komunikazio eta informazio eskuragarria eskainiz","publisher":{"@id":"https:\/\/accisor.org\/eu\/#organization"},"potentialAction":[{"@type":"SearchAction","target":{"@type":"EntryPoint","urlTemplate":"https:\/\/accisor.org\/eu\/?s={search_term_string}"},"query-input":{"@type":"PropertyValueSpecification","valueRequired":true,"valueName":"search_term_string"}}],"inLanguage":"eu"},{"@type":"Organization","@id":"https:\/\/accisor.org\/eu\/#organization","name":"Accisor","url":"https:\/\/accisor.org\/eu\/","logo":{"@type":"ImageObject","inLanguage":"eu","@id":"https:\/\/accisor.org\/eu\/#\/schema\/logo\/image\/","url":"https:\/\/accisor.org\/wp-content\/uploads\/2021\/06\/favicon-accisor.png","contentUrl":"https:\/\/accisor.org\/wp-content\/uploads\/2021\/06\/favicon-accisor.png","width":500,"height":500,"caption":"Accisor"},"image":{"@id":"https:\/\/accisor.org\/eu\/#\/schema\/logo\/image\/"}}]}},"_links":{"self":[{"href":"https:\/\/accisor.org\/eu\/wp-json\/wp\/v2\/pages\/3","targetHints":{"allow":["GET"]}}],"collection":[{"href":"https:\/\/accisor.org\/eu\/wp-json\/wp\/v2\/pages"}],"about":[{"href":"https:\/\/accisor.org\/eu\/wp-json\/wp\/v2\/types\/page"}],"author":[{"embeddable":true,"href":"https:\/\/accisor.org\/eu\/wp-json\/wp\/v2\/users\/1"}],"replies":[{"embeddable":true,"href":"https:\/\/accisor.org\/eu\/wp-json\/wp\/v2\/comments?post=3"}],"version-history":[{"count":4,"href":"https:\/\/accisor.org\/eu\/wp-json\/wp\/v2\/pages\/3\/revisions"}],"predecessor-version":[{"id":1250,"href":"https:\/\/accisor.org\/eu\/wp-json\/wp\/v2\/pages\/3\/revisions\/1250"}],"wp:attachment":[{"href":"https:\/\/accisor.org\/eu\/wp-json\/wp\/v2\/media?parent=3"}],"curies":[{"name":"wp","href":"https:\/\/api.w.org\/{rel}","templated":true}]}}