{"id":1092,"date":"2021-09-09T17:43:25","date_gmt":"2021-09-09T15:43:25","guid":{"rendered":"https:\/\/accisor.org\/?page_id=1092"},"modified":"2021-10-26T10:34:54","modified_gmt":"2021-10-26T08:34:54","slug":"declaracion-de-accesibilidad","status":"publish","type":"page","link":"https:\/\/accisor.org\/eu\/declaracion-de-accesibilidad\/","title":{"rendered":"Declaraci\u00f3n de Accesibilidad"},"content":{"rendered":"<div data-elementor-type=\"wp-page\" data-elementor-id=\"1092\" class=\"elementor elementor-1092\" data-elementor-post-type=\"page\">\n\t\t\t\t\t\t<section class=\"elementor-section elementor-top-section elementor-element elementor-element-fb3e950 elementor-section-boxed elementor-section-height-default elementor-section-height-default\" data-id=\"fb3e950\" data-element_type=\"section\" data-e-type=\"section\">\n\t\t\t\t\t\t<div class=\"elementor-container elementor-column-gap-default\">\n\t\t\t\t\t<div class=\"elementor-column elementor-col-100 elementor-top-column elementor-element elementor-element-0be44e1\" data-id=\"0be44e1\" data-element_type=\"column\" data-e-type=\"column\">\n\t\t\t<div class=\"elementor-widget-wrap elementor-element-populated\">\n\t\t\t\t\t\t\t<\/div>\n\t\t<\/div>\n\t\t\t\t\t<\/div>\n\t\t<\/section>\n\t\t\t\t<section class=\"elementor-section elementor-top-section elementor-element elementor-element-b0849b2 elementor-section-boxed elementor-section-height-default elementor-section-height-default\" data-id=\"b0849b2\" data-element_type=\"section\" data-e-type=\"section\">\n\t\t\t\t\t\t<div class=\"elementor-container elementor-column-gap-default\">\n\t\t\t\t\t<div class=\"elementor-column elementor-col-100 elementor-top-column elementor-element elementor-element-4acd064\" data-id=\"4acd064\" data-element_type=\"column\" data-e-type=\"column\">\n\t\t\t<div class=\"elementor-widget-wrap elementor-element-populated\">\n\t\t\t\t\t\t<div class=\"elementor-element elementor-element-0a3bf66 elementor-widget elementor-widget-text-editor\" data-id=\"0a3bf66\" data-element_type=\"widget\" data-e-type=\"widget\" data-widget_type=\"text-editor.default\">\n\t\t\t\t<div class=\"elementor-widget-container\">\n\t\t\t\t\t\t\t\t\t<p>La Asociaci\u00f3n Eunate est\u00e1 comprometida con asegurar la accesibilidad digital de las personas con discapacidades. Intentamos, continuamente, mejorar la experiencia de los usuarios y aplicar los est\u00e1ndares de accesibilidad pertinentes.<\/p><p><strong>Iniciativas para apoyar la accesibilidad<\/strong><\/p><p>Accisor aplica las siguientes medidas para garantizar la accesibilidad:<\/p><ul><li>La accesibilidad forma parte de nuestros estatutos.<\/li><li>La accesibilidad forma parte de nuestras pol\u00edticas internas.<\/li><li>La accesibilidad est\u00e1 integrada en nuestras pr\u00e1cticas de contrataci\u00f3n.<\/li><li>Se ha designado a un agente u oficial de accesibilidad.<\/li><li>Formaci\u00f3n continua sobre accesibilidad para los empleados.<\/li><li>Objetivos y responsabilidades de accesibilidad claros dentro de la organizaci\u00f3n.<\/li><li>La organizaci\u00f3n trabaja con m\u00e9todos oficiales que garantizan la calidad de la accesibilidad.<\/li><\/ul><p><strong>Nivel de conformidad<\/strong><\/p><p><strong>Est\u00e1ndares de accesibilidad actuales de la web:<\/strong><\/p><p>WCAG 2.1 nivel AA<\/p><p><strong>Nivel de conformidad del contenido actual:<\/strong><\/p><p>Parcialmente conforme: algunas partes del contenido no se ajustan por completo a los est\u00e1ndares de accesibilidad.<\/p><p><strong>Problemas de accesibilidad conocidos<\/strong><\/p><p>A pesar de nuestros mejores esfuerzos, algunos usuarios podr\u00edan experimentar algunos problemas. Esta es una descripci\u00f3n de los problemas de accesibilidad conocidos. Por favor, contacte con nosotros si observa alg\u00fan problema que no se encuentre en la lista.<\/p><p><strong>Contenido insertado mediante iframes:<\/strong><br \/>Puede haber problemas con el contenido insertado de terceros que son ajenos a la web, como YouTube, Google Maps, Facebook y Twitter.<\/p><p><strong>CMS y plugins:<\/strong><br \/>Puede haber problemas con algunos componentes o funciones de WordPress propias de su motor y plugins utilizados.<\/p><p><strong>Compatibilidad con navegadores y tecnolog\u00eda de asistencia<\/strong><\/p><p>Esta web est\u00e1 dise\u00f1ada para ser compatible con los siguientes navegadores:<\/p><ul><li>Firefox 92.0<\/li><li>Google Chrome 93.0<\/li><li>Microsoft Edge 93.0<\/li><li>Safari<\/li><\/ul><p>Este lugar est\u00e1 dise\u00f1ado para ser compatible con las siguientes tecnolog\u00edas de asistencia:<\/p><ul><li>NVDA<\/li><li>Narrador Windows<\/li><li>VoiceOver<\/li><li>Jaws<\/li><li>TalkBack<\/li><\/ul><p><strong>Tecnolog\u00edas<\/strong><\/p><p>La accesibilidad de este sitio se basa en las siguientes tecnolog\u00edas:<\/p><ul><li>HTML<\/li><li>WAI-ARIA<\/li><li>CSS<\/li><li>Javascript<\/li><\/ul><ul><li>PHP<\/li><\/ul><p><strong>M\u00e9todos de evaluaci\u00f3n<\/strong><\/p><p>Technow evalu\u00f3 la accesibilidad de esta web mediante los siguientes m\u00e9todos:<\/p><ul><li>Autoevaluaci\u00f3n: la web ha sido evaluada internamente por la empresa u organizaci\u00f3n.<\/li><\/ul><p><strong>Proceso de respuesta<\/strong><\/p><p>Acogemos con inter\u00e9s sus comentarios sobre la accesibilidad de este sitio web. Por favor, p\u00f3ngase en contacto con nosotros a trav\u00e9s de uno de los siguientes m\u00e9todos:<\/p><ul><li>Tel\u00e9fono: +34 646 57 12 49<\/li><li>Posta elektronikoa: <a href=\"mailto:gestionaccisor@eunate.org\">gestionaccisor@eunate.org<\/a><\/li><li>Direcci\u00f3n: Traves\u00eda Monasterio de Irache, 2 \u2013 1\u00ba B, 31011 Pamplona \/ Iru\u00f1a<\/li><\/ul><p>Nuestro objetivo es responder a los comentarios en 5 d\u00edas h\u00e1biles.<\/p><p><strong>Reclamaciones formales<\/strong><\/p><p>Usted tiene derecho a presentar una reclamaci\u00f3n a Asociaci\u00f3n Eunate, si no est\u00e1 satisfecho con nuestra respuesta. Para hacerlo, por favor, env\u00ede un correo electr\u00f3nico a <a href=\"mailto:gestionaccisor@eunate.org\">gestionaccisor@eunate.org<\/a>.<\/p><p><strong>Aprobaci\u00f3n formal de este informe de accesibilidad<\/strong><\/p><p>Este informe de accesibilidad ha sido aprobado por:<\/p><p>Accisor. Mariluz Sanz Escudero, responsable de accesibilidad de Asociaci\u00f3n Eunate. En Pamplona, el 14 de septiembre de 2021.<\/p>\t\t\t\t\t\t\t\t<\/div>\n\t\t\t\t<\/div>\n\t\t\t\t\t<\/div>\n\t\t<\/div>\n\t\t\t\t\t<\/div>\n\t\t<\/section>\n\t\t\t\t<\/div>","protected":false},"excerpt":{"rendered":"<p>La Asociaci\u00f3n Eunate est\u00e1 comprometida con asegurar la accesibilidad digital de las personas con discapacidades. Intentamos, continuamente, mejorar la experiencia de los usuarios y aplicar los est\u00e1ndares de accesibilidad pertinentes. Iniciativas para apoyar la accesibilidad Accisor aplica las siguientes medidas para garantizar la accesibilidad: La accesibilidad forma parte de nuestros estatutos. La accesibilidad forma parte [&hellip;]<\/p>\n","protected":false},"author":1,"featured_media":0,"parent":0,"menu_order":0,"comment_status":"closed","ping_status":"closed","template":"","meta":{"footnotes":""},"class_list":["post-1092","page","type-page","status-publish","hentry"],"yoast_head":"<!-- This site is optimized with the Yoast SEO plugin v27.4 - https:\/\/yoast.com\/product\/yoast-seo-wordpress\/ -->\n<title>Declaraci\u00f3n de Accesibilidad - Accisor<\/title>\n<meta name=\"robots\" content=\"noindex, nofollow\" \/>\n<meta property=\"og:locale\" content=\"en_US\" \/>\n<meta property=\"og:type\" content=\"article\" \/>\n<meta property=\"og:title\" content=\"Declaraci\u00f3n de Accesibilidad - Accisor\" \/>\n<meta property=\"og:description\" content=\"La Asociaci\u00f3n Eunate est\u00e1 comprometida con asegurar la accesibilidad digital de las personas con discapacidades. Intentamos, continuamente, mejorar la experiencia de los usuarios y aplicar los est\u00e1ndares de accesibilidad pertinentes. Iniciativas para apoyar la accesibilidad Accisor aplica las siguientes medidas para garantizar la accesibilidad: La accesibilidad forma parte de nuestros estatutos. La accesibilidad forma parte [&hellip;]\" \/>\n<meta property=\"og:url\" content=\"https:\/\/accisor.org\/eu\/declaracion-de-accesibilidad\/\" \/>\n<meta property=\"og:site_name\" content=\"Accisor\" \/>\n<meta property=\"article:modified_time\" content=\"2021-10-26T08:34:54+00:00\" \/>\n<meta name=\"twitter:card\" content=\"summary_large_image\" \/>\n<meta name=\"twitter:label1\" content=\"Est. reading time\" \/>\n\t<meta name=\"twitter:data1\" content=\"2 minutua\" \/>\n<script type=\"application\/ld+json\" class=\"yoast-schema-graph\">{\"@context\":\"https:\\\/\\\/schema.org\",\"@graph\":[{\"@type\":\"WebPage\",\"@id\":\"https:\\\/\\\/accisor.org\\\/declaracion-de-accesibilidad\\\/\",\"url\":\"https:\\\/\\\/accisor.org\\\/declaracion-de-accesibilidad\\\/\",\"name\":\"Declaraci\u00f3n de Accesibilidad - Accisor\",\"isPartOf\":{\"@id\":\"https:\\\/\\\/accisor.org\\\/eu\\\/#website\"},\"datePublished\":\"2021-09-09T15:43:25+00:00\",\"dateModified\":\"2021-10-26T08:34:54+00:00\",\"breadcrumb\":{\"@id\":\"https:\\\/\\\/accisor.org\\\/declaracion-de-accesibilidad\\\/#breadcrumb\"},\"inLanguage\":\"eu\",\"potentialAction\":[{\"@type\":\"ReadAction\",\"target\":[\"https:\\\/\\\/accisor.org\\\/declaracion-de-accesibilidad\\\/\"]}]},{\"@type\":\"BreadcrumbList\",\"@id\":\"https:\\\/\\\/accisor.org\\\/declaracion-de-accesibilidad\\\/#breadcrumb\",\"itemListElement\":[{\"@type\":\"ListItem\",\"position\":1,\"name\":\"Inicio\",\"item\":\"https:\\\/\\\/accisor.org\\\/\"},{\"@type\":\"ListItem\",\"position\":2,\"name\":\"Declaraci\u00f3n de Accesibilidad\"}]},{\"@type\":\"WebSite\",\"@id\":\"https:\\\/\\\/accisor.org\\\/eu\\\/#website\",\"url\":\"https:\\\/\\\/accisor.org\\\/eu\\\/\",\"name\":\"Accisor\",\"description\":\"Servicio de accesibilidad a la comunicaci\u00f3n y la informaci\u00f3n para personas sordas\",\"publisher\":{\"@id\":\"https:\\\/\\\/accisor.org\\\/eu\\\/#organization\"},\"potentialAction\":[{\"@type\":\"SearchAction\",\"target\":{\"@type\":\"EntryPoint\",\"urlTemplate\":\"https:\\\/\\\/accisor.org\\\/eu\\\/?s={search_term_string}\"},\"query-input\":{\"@type\":\"PropertyValueSpecification\",\"valueRequired\":true,\"valueName\":\"search_term_string\"}}],\"inLanguage\":\"eu\"},{\"@type\":\"Organization\",\"@id\":\"https:\\\/\\\/accisor.org\\\/eu\\\/#organization\",\"name\":\"Accisor\",\"url\":\"https:\\\/\\\/accisor.org\\\/eu\\\/\",\"logo\":{\"@type\":\"ImageObject\",\"inLanguage\":\"eu\",\"@id\":\"https:\\\/\\\/accisor.org\\\/eu\\\/#\\\/schema\\\/logo\\\/image\\\/\",\"url\":\"https:\\\/\\\/accisor.org\\\/wp-content\\\/uploads\\\/2021\\\/06\\\/favicon-accisor.png\",\"contentUrl\":\"https:\\\/\\\/accisor.org\\\/wp-content\\\/uploads\\\/2021\\\/06\\\/favicon-accisor.png\",\"width\":500,\"height\":500,\"caption\":\"Accisor\"},\"image\":{\"@id\":\"https:\\\/\\\/accisor.org\\\/eu\\\/#\\\/schema\\\/logo\\\/image\\\/\"}}]}<\/script>\n<!-- \/ Yoast SEO plugin. -->","yoast_head_json":{"title":"Declaraci\u00f3n de Accesibilidad - Accisor","robots":{"index":"noindex","follow":"nofollow"},"og_locale":"en_US","og_type":"article","og_title":"Declaraci\u00f3n de Accesibilidad - Accisor","og_description":"La Asociaci\u00f3n Eunate est\u00e1 comprometida con asegurar la accesibilidad digital de las personas con discapacidades. Intentamos, continuamente, mejorar la experiencia de los usuarios y aplicar los est\u00e1ndares de accesibilidad pertinentes. Iniciativas para apoyar la accesibilidad Accisor aplica las siguientes medidas para garantizar la accesibilidad: La accesibilidad forma parte de nuestros estatutos. La accesibilidad forma parte [&hellip;]","og_url":"https:\/\/accisor.org\/eu\/declaracion-de-accesibilidad\/","og_site_name":"Accisor","article_modified_time":"2021-10-26T08:34:54+00:00","twitter_card":"summary_large_image","twitter_misc":{"Est. reading time":"2 minutua"},"schema":{"@context":"https:\/\/schema.org","@graph":[{"@type":"WebPage","@id":"https:\/\/accisor.org\/declaracion-de-accesibilidad\/","url":"https:\/\/accisor.org\/declaracion-de-accesibilidad\/","name":"Declaraci\u00f3n de Accesibilidad - Accisor","isPartOf":{"@id":"https:\/\/accisor.org\/eu\/#website"},"datePublished":"2021-09-09T15:43:25+00:00","dateModified":"2021-10-26T08:34:54+00:00","breadcrumb":{"@id":"https:\/\/accisor.org\/declaracion-de-accesibilidad\/#breadcrumb"},"inLanguage":"eu","potentialAction":[{"@type":"ReadAction","target":["https:\/\/accisor.org\/declaracion-de-accesibilidad\/"]}]},{"@type":"BreadcrumbList","@id":"https:\/\/accisor.org\/declaracion-de-accesibilidad\/#breadcrumb","itemListElement":[{"@type":"ListItem","position":1,"name":"Inicio","item":"https:\/\/accisor.org\/"},{"@type":"ListItem","position":2,"name":"Declaraci\u00f3n de Accesibilidad"}]},{"@type":"WebSite","@id":"https:\/\/accisor.org\/eu\/#website","url":"https:\/\/accisor.org\/eu\/","name":"Accisor","description":"Pertsona gorrei zuzendutako irisgarritasun zerbitzua, komunikazio eta informazio eskuragarria eskainiz","publisher":{"@id":"https:\/\/accisor.org\/eu\/#organization"},"potentialAction":[{"@type":"SearchAction","target":{"@type":"EntryPoint","urlTemplate":"https:\/\/accisor.org\/eu\/?s={search_term_string}"},"query-input":{"@type":"PropertyValueSpecification","valueRequired":true,"valueName":"search_term_string"}}],"inLanguage":"eu"},{"@type":"Organization","@id":"https:\/\/accisor.org\/eu\/#organization","name":"Accisor","url":"https:\/\/accisor.org\/eu\/","logo":{"@type":"ImageObject","inLanguage":"eu","@id":"https:\/\/accisor.org\/eu\/#\/schema\/logo\/image\/","url":"https:\/\/accisor.org\/wp-content\/uploads\/2021\/06\/favicon-accisor.png","contentUrl":"https:\/\/accisor.org\/wp-content\/uploads\/2021\/06\/favicon-accisor.png","width":500,"height":500,"caption":"Accisor"},"image":{"@id":"https:\/\/accisor.org\/eu\/#\/schema\/logo\/image\/"}}]}},"_links":{"self":[{"href":"https:\/\/accisor.org\/eu\/wp-json\/wp\/v2\/pages\/1092","targetHints":{"allow":["GET"]}}],"collection":[{"href":"https:\/\/accisor.org\/eu\/wp-json\/wp\/v2\/pages"}],"about":[{"href":"https:\/\/accisor.org\/eu\/wp-json\/wp\/v2\/types\/page"}],"author":[{"embeddable":true,"href":"https:\/\/accisor.org\/eu\/wp-json\/wp\/v2\/users\/1"}],"replies":[{"embeddable":true,"href":"https:\/\/accisor.org\/eu\/wp-json\/wp\/v2\/comments?post=1092"}],"version-history":[{"count":12,"href":"https:\/\/accisor.org\/eu\/wp-json\/wp\/v2\/pages\/1092\/revisions"}],"predecessor-version":[{"id":14729,"href":"https:\/\/accisor.org\/eu\/wp-json\/wp\/v2\/pages\/1092\/revisions\/14729"}],"wp:attachment":[{"href":"https:\/\/accisor.org\/eu\/wp-json\/wp\/v2\/media?parent=1092"}],"curies":[{"name":"wp","href":"https:\/\/api.w.org\/{rel}","templated":true}]}}